{"id":1041,"date":"2015-11-17T19:00:07","date_gmt":"2015-11-17T19:00:07","guid":{"rendered":"http:\/\/www.eqsoft.se\/?page_id=1041"},"modified":"2015-11-17T19:00:07","modified_gmt":"2015-11-17T19:00:07","slug":"support","status":"publish","type":"page","link":"https:\/\/new.eqsoft.se\/?page_id=1041","title":{"rendered":"Support"},"content":{"rendered":"<p>[av_heading tag=&#8217;h1&#8242; padding=&#8217;10&#8217; heading=&#8217;Beh\u00f6ver du hj\u00e4lp?&#8217; color=&#8221; style=&#8217;blockquote modern-quote&#8217; custom_font=&#8221; size=&#8221; subheading_active=&#8221; subheading_size=&#8217;15&#8217; custom_class=&#8221;][\/av_heading]<\/p>\n<p>[av_textblock size=&#8221; font_color=&#8221; color=&#8221;]<br \/>\nSkicka oss ett email.<br \/>\n[\/av_textblock]<\/p>\n<p>[av_contact email=&#8217;support@eqsoft.se&#8217; title=&#8221; button=&#8217;Skicka&#8217; on_send=&#8221; sent=&#8217;Tack! Vi har tagit emot ditt meddelande och \u00e5terkommer s\u00e5 snart som m\u00f6jligt.&#8217; link=&#8217;page,578&#8242; subject=&#8217;Support\u00e4rende EQ Soft&#8217; autorespond=&#8217;Hej och tack f\u00f6r ditt email!<\/p>\n<p>Vi har tagit emot ditt \u00e4rende och \u00e5terkommer till dig s\u00e5 snart som m\u00f6jligt.<\/p>\n<p>V\u00e4nliga h\u00e4lsningar \/ Team EQ Soft&#8217; captcha=&#8221; hide_labels=&#8217;aviaTBhide_labels&#8217; color=&#8221;]<br \/>\n[av_contact_field label=&#8217;Namn&#8217; type=&#8217;text&#8217; check=&#8217;is_empty&#8217; options=&#8221; multi_select=&#8221; width=&#8221;][\/av_contact_field]<br \/>\n[av_contact_field label=&#8217;Email&#8217; type=&#8217;text&#8217; check=&#8217;is_email&#8217; options=&#8221; multi_select=&#8221; width=&#8221;][\/av_contact_field]<br \/>\n[av_contact_field label=&#8217;\u00c4mne&#8217; type=&#8217;text&#8217; check=&#8217;is_empty&#8217; options=&#8221; multi_select=&#8221; width=&#8221;][\/av_contact_field]<br \/>\n[av_contact_field label=&#8217;Meddelande&#8217; type=&#8217;textarea&#8217; check=&#8217;is_empty&#8217; options=&#8221; multi_select=&#8221; width=&#8221;][\/av_contact_field]<br \/>\n[\/av_contact]<\/p>\n","protected":false},"excerpt":{"rendered":"<p>[av_heading tag=&#8217;h1&#8242; padding=&#8217;10&#8217; heading=&#8217;Beh\u00f6ver du hj\u00e4lp?&#8217; color=&#8221; style=&#8217;blockquote modern-quote&#8217; custom_font=&#8221; size=&#8221; subheading_active=&#8221; subheading_size=&#8217;15&#8217; custom_class=&#8221;][\/av_heading] [av_textblock size=&#8221; font_color=&#8221; color=&#8221;] Skicka oss ett email. [\/av_textblock] [av_contact email=&#8217;support@eqsoft.se&#8217; title=&#8221; button=&#8217;Skicka&#8217; on_send=&#8221; sent=&#8217;Tack! Vi har tagit emot ditt meddelande och \u00e5terkommer s\u00e5 snart som m\u00f6jligt.&#8217; link=&#8217;page,578&#8242; subject=&#8217;Support\u00e4rende EQ Soft&#8217; autorespond=&#8217;Hej och tack f\u00f6r ditt email! Vi har tagit emot <a class=\"read-more\" href=\"https:\/\/new.eqsoft.se\/?page_id=1041\">Read More<\/a><\/p>\n","protected":false},"author":2,"featured_media":0,"parent":0,"menu_order":0,"comment_status":"open","ping_status":"open","template":"","meta":{"footnotes":""},"class_list":["post-1041","page","type-page","status-publish","hentry"],"_links":{"self":[{"href":"https:\/\/new.eqsoft.se\/index.php?rest_route=\/wp\/v2\/pages\/1041","targetHints":{"allow":["GET"]}}],"collection":[{"href":"https:\/\/new.eqsoft.se\/index.php?rest_route=\/wp\/v2\/pages"}],"about":[{"href":"https:\/\/new.eqsoft.se\/index.php?rest_route=\/wp\/v2\/types\/page"}],"author":[{"embeddable":true,"href":"https:\/\/new.eqsoft.se\/index.php?rest_route=\/wp\/v2\/users\/2"}],"replies":[{"embeddable":true,"href":"https:\/\/new.eqsoft.se\/index.php?rest_route=%2Fwp%2Fv2%2Fcomments&post=1041"}],"version-history":[{"count":0,"href":"https:\/\/new.eqsoft.se\/index.php?rest_route=\/wp\/v2\/pages\/1041\/revisions"}],"wp:attachment":[{"href":"https:\/\/new.eqsoft.se\/index.php?rest_route=%2Fwp%2Fv2%2Fmedia&parent=1041"}],"curies":[{"name":"wp","href":"https:\/\/api.w.org\/{rel}","templated":true}]}}